{"id":25366,"date":"2024-11-20T18:24:49","date_gmt":"2024-11-20T17:24:49","guid":{"rendered":"https:\/\/laventoleravejer.com\/envianos-tu-propuesta\/"},"modified":"2024-12-20T12:13:03","modified_gmt":"2024-12-20T11:13:03","slug":"send-us-your-proposal","status":"publish","type":"page","link":"https:\/\/laventoleravejer.com\/en\/send-us-your-proposal\/","title":{"rendered":"Send us your proposal"},"content":{"rendered":"\t\t<div data-elementor-type=\"wp-page\" data-elementor-id=\"25366\" class=\"elementor elementor-25366 elementor-25175\" data-elementor-post-type=\"page\">\n\t\t\t\t<div class=\"wd-negative-gap elementor-element elementor-element-cb322d0 e-flex e-con-boxed e-con e-parent\" data-id=\"cb322d0\" data-element_type=\"container\" data-e-type=\"container\">\n\t\t\t\t\t<div class=\"e-con-inner\">\n\t\t<div class=\"elementor-element elementor-element-1f0abe4 e-con-full e-flex e-con e-child\" data-id=\"1f0abe4\" data-element_type=\"container\" data-e-type=\"container\">\n\t\t\t\t<div class=\"elementor-element elementor-element-775ddc4 wd-width-100 elementor-widget elementor-widget-wd_title\" data-id=\"775ddc4\" data-element_type=\"widget\" data-e-type=\"widget\" data-widget_type=\"wd_title.default\">\n\t\t\t\t<div class=\"elementor-widget-container\">\n\t\t\t\t\t\t\t<div class=\"title-wrapper wd-set-mb reset-last-child wd-title-color-default wd-title-style-default wd-title-size-default text-left\">\n\n\t\t\t\n\t\t\t<div class=\"liner-continer\">\n\t\t\t\t<h4 class=\"woodmart-title-container title wd-fontsize-l\">Send us your proposal<\/h4> \n\t\t\t\t\t\t\t<\/div>\n\n\t\t\t\t\t<\/div>\n\t\t\t\t\t\t<\/div>\n\t\t\t\t<\/div>\n\t\t\t\t<div class=\"elementor-element elementor-element-adba192 elementor-widget elementor-widget-wd_text_block\" data-id=\"adba192\" data-element_type=\"widget\" data-e-type=\"widget\" data-widget_type=\"wd_text_block.default\">\n\t\t\t\t<div class=\"elementor-widget-container\">\n\t\t\t\t\t\t\t<div class=\"wd-text-block reset-last-child text-left\">\n\t\t\t\n\t\t\t<p>If you have an idea you'd like to bring to life at La Ventolera, we\u2019d love to hear from you!<\/p>\n\t\t\t\t\t<\/div>\n\t\t\t\t\t\t<\/div>\n\t\t\t\t<\/div>\n\t\t\t\t<div class=\"elementor-element elementor-element-4ef6fbd elementor-hidden-tablet elementor-hidden-mobile elementor-widget elementor-widget-wd_text_block\" data-id=\"4ef6fbd\" data-element_type=\"widget\" data-e-type=\"widget\" data-widget_type=\"wd_text_block.default\">\n\t\t\t\t<div class=\"elementor-widget-container\">\n\t\t\t\t\t\t\t<div class=\"wd-text-block reset-last-child text-left\">\n\t\t\t\n\t\t\t<p><small>DATA PROTECTION: In accordance with data protection regulations, we provide you with the following information regarding the processing of your data: Data Controller: Gesti\u00f3n de Alojamientos Tur\u00edsticos, S.R.L., CIF B41867730. Purpose of Processing: To respond to inquiries or any request made by the USER through this contact form. Your Rights: Access, rectification, portability, deletion, restriction, and objection.<\/small><\/p>\n\t\t\t\t\t<\/div>\n\t\t\t\t\t\t<\/div>\n\t\t\t\t<\/div>\n\t\t\t\t<\/div>\n\t\t<div class=\"elementor-element elementor-element-789122a e-con-full e-flex e-con e-child\" data-id=\"789122a\" data-element_type=\"container\" data-e-type=\"container\">\n\t\t\t\t<div class=\"elementor-element elementor-element-11b558e elementor-widget elementor-widget-jet-form-builder-form\" data-id=\"11b558e\" data-element_type=\"widget\" data-e-type=\"widget\" data-widget_type=\"jet-form-builder-form.default\">\n\t\t\t\t<div class=\"elementor-widget-container\">\n\t\t\t\t\t<link rel='stylesheet' id='wp-block-library-css' href='https:\/\/laventoleravejer.com\/wp-includes\/css\/dist\/block-library\/style.min.css?ver=6.9.4' type='text\/css' media='all' \/>\n<style id=\"jet-form-builder-25359-inline-css\"><\/style><form  class=\"jet-form-builder layout-column submit-type-reload\" action=\"https:\/\/laventoleravejer.com\/en\/wp-json\/wp\/v2\/pages\/25366\/?07OWBM=zehjMOJvpi&amp;method=reload\" method=\"POST\" data-form-id=\"25359\" data-layout=\"column\" enctype=\"multipart\/form-data\" novalidate=\"null\" ssr_validation_method=\"rest\">\r\n<input type=\"hidden\" name=\"_jfb_current_render_states[]\" value=\"DEFAULT.STATE\" data-jfb-sync \/><input type=\"hidden\" class=\"jet-form-builder__field hidden-field\" name=\"_jet_engine_booking_form_id\" data-field-name=\"_jet_engine_booking_form_id\" value=\"25359\">\n<input type=\"hidden\" class=\"jet-form-builder__field hidden-field\" name=\"_jet_engine_refer\" data-field-name=\"_jet_engine_refer\" value=\"https:\/\/laventoleravejer.com\/en\/wp-json\/wp\/v2\/pages\/25366\/\">\n<input type=\"hidden\" class=\"jet-form-builder__field hidden-field\" name=\"__queried_post_id\" data-field-name=\"__queried_post_id\" value=\"25366\">\n<div  data-validation-type=\"inherit\" class=\"jet-form-builder-row field-type-text-field\" >\n<div class=\"jet-form-builder__label\">\r\n<div class=\"jet-form-builder__label-text\">Name <span class=\"jet-form-builder__required\">*<\/span><\/div><\/div><div class=\"jet-form-builder__field-wrap\">\n\t\t\t\t<input required=\"required\" name=\"_nombre\" id=\"_nombre\" type=\"text\" data-field-name=\"_nombre\" class=\"jet-form-builder__field text-field\" data-jfb-sync=\"null\" autocomplete=\"off_pGFVZtfM\">\n\t\t\t\t\t<\/div>\n<\/div>\n\n<div  data-validation-type=\"inherit\" class=\"jet-form-builder-row field-type-text-field\" >\n<div class=\"jet-form-builder__label\">\r\n<div class=\"jet-form-builder__label-text\">Phone <span class=\"jet-form-builder__required\">*<\/span><\/div><\/div><div class=\"jet-form-builder__field-wrap\">\n\t\t\t\t<input required=\"required\" name=\"telefono\" id=\"telefono\" type=\"tel\" data-field-name=\"telefono\" class=\"jet-form-builder__field text-field\" data-jfb-sync=\"null\" autocomplete=\"off_Ur8MJRF2\">\n\t\t\t\t\t<\/div>\n<\/div>\n\n<div  data-validation-type=\"inherit\" class=\"jet-form-builder-row field-type-text-field\" >\n<div class=\"jet-form-builder__label\">\r\n<div class=\"jet-form-builder__label-text\">Email <span class=\"jet-form-builder__required\">*<\/span><\/div><\/div><div class=\"jet-form-builder__field-wrap\">\n\t\t\t\t<input required=\"required\" name=\"_email\" id=\"_email\" type=\"email\" data-field-name=\"_email\" class=\"jet-form-builder__field text-field\" data-jfb-sync=\"null\" autocomplete=\"off_O1PslZqf\">\n\t\t\t\t\t<\/div>\n<\/div>\n\n<div  data-validation-type=\"inherit\" class=\"jet-form-builder-row field-type-textarea-field\" >\n<div class=\"jet-form-builder__label\">\r\n<div class=\"jet-form-builder__label-text\">Proposal <span class=\"jet-form-builder__required\">*<\/span><\/div><\/div><div class=\"jet-form-builder__field-wrap\">\n\t\t<textarea class=\"jet-form-builder__field textarea-field\" placeholder=\"Write your proposal here\" required=\"required\" name=\"mensaje\" data-field-name=\"mensaje\" id=\"mensaje\" data-jfb-sync=\"null\"><\/textarea>\n\t<\/div>\n<\/div>\n\n<div  data-validation-type=\"inherit\" class=\"jet-form-builder-row field-type-checkbox-field\" >\n<div class=\"jet-form-builder__fields-group checkradio-wrap\" data-jfb-sync><div class=\"jet-form-builder__field-wrap checkboxes-wrap checkradio-wrap\"><label class=\"jet-form-builder__field-label for-checkbox\">\n\t\t\t<input type=\"checkbox\" name=\"aceptacion\" value=\"I accept the privacy policy\" data-field-name=\"aceptacion\"  class=\"jet-form-builder__field checkboxes-field checkradio-field\" required=\"required\"><span>I have read and accept the privacy policy<\/span><\/label><\/div><\/div>\n<\/div>\n\n<div class=\"jet-form-builder-row captcha-token-container\" data-validation-type=\"inherit\">\n\t<input type=\"hidden\" class=\"captcha-token\" name=\"_captcha_token\" value=\"\" data-jfb-sync required=\"required\">\n<\/div><div class=\"jfb-visually-hidden\" tabindex=\"-1\"><div class=\"jet-form-builder__field-wrap\">\n\t\t\t\t<input name=\"email\" id=\"email\" type=\"email\" data-field-name=\"email\" class=\"jet-form-builder__field text-field\" data-jfb-sync=\"null\" autocomplete=\"off_1dJ2sHaf\">\n\t\t\t\t\t<\/div><\/div><div  data-validation-type=\"inherit\" class=\"jet-form-builder-row field-type-submit-field\" >\n\t<div data-type=\"submit\" class=\"jet-form-builder__action-button-wrapper jet-form-builder__submit-wrap\">\n\t<button class=\"jet-form-builder__action-button btn btn-style-default btn-style-rectangle btn-size-default  btn-scheme-light btn-scheme-hover-light jet-form-builder__submit submit-type-reload\" type=\"submit\">SUBMIT<\/button>\n\t<\/div>\n\t\n<\/div>\t<div class=\"jet-form-builder-messages-wrap\" data-form-id=\"25359\"><\/div>\n<\/form>\n\t\t\t\t<\/div>\n\t\t\t\t<\/div>\n\t\t\t\t<div class=\"elementor-element elementor-element-4347f4d elementor-hidden-desktop elementor-widget elementor-widget-wd_text_block\" data-id=\"4347f4d\" data-element_type=\"widget\" data-e-type=\"widget\" data-widget_type=\"wd_text_block.default\">\n\t\t\t\t<div class=\"elementor-widget-container\">\n\t\t\t\t\t\t\t<div class=\"wd-text-block reset-last-child text-left\">\n\t\t\t\n\t\t\t<p><small>PROTECCI\u00d3N DE DATOS: De conformidad con las normativas de protecci\u00f3n de datos, le facilitamos la siguiente informaci\u00f3n del tratamiento: Responsable: Gesti\u00f3n de Alojamientos Tur\u00edsticos, S.R.L. con CIF B41867730. Fines del tratamiento: dar respuesta a las consultas o cualquier petici\u00f3n que sea realizada por el USUARIO a trav\u00e9s de este formulario de contacto. Derechos que le asisten: acceso, rectificaci\u00f3n, portabilidad, supresi\u00f3n, limitaci\u00f3n y oposici\u00f3n.<\/small><\/p>\n\t\t\t\t\t<\/div>\n\t\t\t\t\t\t<\/div>\n\t\t\t\t<\/div>\n\t\t\t\t<\/div>\n\t\t\t\t\t<\/div>\n\t\t\t\t<\/div>\n\t\t\t\t<\/div>\n\t\t","protected":false},"excerpt":{"rendered":"<p>Send us your proposal If you have an idea you&#8217;d like to bring to life at La Ventolera, we\u2019d love<\/p>\n","protected":false},"author":2,"featured_media":25010,"parent":0,"menu_order":42,"comment_status":"closed","ping_status":"closed","template":"","meta":{"tp_eventer_event_start_timestamp":0,"footnotes":""},"class_list":["post-25366","page","type-page","status-publish","has-post-thumbnail","hentry"],"yoast_head":"<!-- This site is optimized with the Yoast SEO plugin v27.4 - https:\/\/yoast.com\/product\/yoast-seo-wordpress\/ -->\n<title>Send us your proposal | La Ventolera Centro Cultural Vejer<\/title>\n<meta name=\"description\" content=\"If you have an idea you&#039;d like to bring to life at La Ventolera, we\u2019d love to hear from you!\" \/>\n<meta name=\"robots\" content=\"index, follow, max-snippet:-1, max-image-preview:large, max-video-preview:-1\" \/>\n<link rel=\"canonical\" href=\"https:\/\/laventoleravejer.com\/en\/send-us-your-proposal\/\" \/>\n<meta property=\"og:locale\" content=\"en_US\" \/>\n<meta property=\"og:type\" content=\"article\" \/>\n<meta property=\"og:title\" content=\"Send us your proposal | La Ventolera Centro Cultural Vejer\" \/>\n<meta property=\"og:description\" content=\"If you have an idea you&#039;d like to bring to life at La Ventolera, we\u2019d love to hear from you!\" \/>\n<meta property=\"og:url\" content=\"https:\/\/laventoleravejer.com\/en\/send-us-your-proposal\/\" \/>\n<meta property=\"og:site_name\" content=\"La Ventolera Centro Cultural Vejer\" \/>\n<meta property=\"article:publisher\" content=\"https:\/\/www.facebook.com\/LaVentoleraVejer\" \/>\n<meta property=\"article:modified_time\" content=\"2024-12-20T11:13:03+00:00\" \/>\n<meta property=\"og:image\" content=\"https:\/\/laventoleravejer.com\/wp-content\/uploads\/2024\/10\/la-veleta-vejer-3.jpg\" \/>\n\t<meta property=\"og:image:width\" content=\"2560\" \/>\n\t<meta property=\"og:image:height\" content=\"1707\" \/>\n\t<meta property=\"og:image:type\" content=\"image\/jpeg\" \/>\n<meta name=\"twitter:card\" content=\"summary_large_image\" \/>\n<meta name=\"twitter:label1\" content=\"Est. reading time\" \/>\n\t<meta name=\"twitter:data1\" content=\"1 minute\" \/>\n<script type=\"application\/ld+json\" class=\"yoast-schema-graph\">{\"@context\":\"https:\\\/\\\/schema.org\",\"@graph\":[{\"@type\":\"WebPage\",\"@id\":\"https:\\\/\\\/laventoleravejer.com\\\/en\\\/send-us-your-proposal\\\/\",\"url\":\"https:\\\/\\\/laventoleravejer.com\\\/en\\\/send-us-your-proposal\\\/\",\"name\":\"Send us your proposal | La Ventolera Centro Cultural Vejer\",\"isPartOf\":{\"@id\":\"https:\\\/\\\/laventoleravejer.com\\\/en\\\/#website\"},\"primaryImageOfPage\":{\"@id\":\"https:\\\/\\\/laventoleravejer.com\\\/en\\\/send-us-your-proposal\\\/#primaryimage\"},\"image\":{\"@id\":\"https:\\\/\\\/laventoleravejer.com\\\/en\\\/send-us-your-proposal\\\/#primaryimage\"},\"thumbnailUrl\":\"https:\\\/\\\/laventoleravejer.com\\\/wp-content\\\/uploads\\\/2024\\\/10\\\/la-veleta-vejer-3.jpg\",\"datePublished\":\"2024-11-20T17:24:49+00:00\",\"dateModified\":\"2024-12-20T11:13:03+00:00\",\"description\":\"If you have an idea you'd like to bring to life at La Ventolera, we\u2019d love to hear from you!\",\"breadcrumb\":{\"@id\":\"https:\\\/\\\/laventoleravejer.com\\\/en\\\/send-us-your-proposal\\\/#breadcrumb\"},\"inLanguage\":\"en-US\",\"potentialAction\":[{\"@type\":\"ReadAction\",\"target\":[\"https:\\\/\\\/laventoleravejer.com\\\/en\\\/send-us-your-proposal\\\/\"]}]},{\"@type\":\"ImageObject\",\"inLanguage\":\"en-US\",\"@id\":\"https:\\\/\\\/laventoleravejer.com\\\/en\\\/send-us-your-proposal\\\/#primaryimage\",\"url\":\"https:\\\/\\\/laventoleravejer.com\\\/wp-content\\\/uploads\\\/2024\\\/10\\\/la-veleta-vejer-3.jpg\",\"contentUrl\":\"https:\\\/\\\/laventoleravejer.com\\\/wp-content\\\/uploads\\\/2024\\\/10\\\/la-veleta-vejer-3.jpg\",\"width\":2560,\"height\":1707},{\"@type\":\"BreadcrumbList\",\"@id\":\"https:\\\/\\\/laventoleravejer.com\\\/en\\\/send-us-your-proposal\\\/#breadcrumb\",\"itemListElement\":[{\"@type\":\"ListItem\",\"position\":1,\"name\":\"Portada\",\"item\":\"https:\\\/\\\/laventoleravejer.com\\\/en\\\/\"},{\"@type\":\"ListItem\",\"position\":2,\"name\":\"Send us your proposal\"}]},{\"@type\":\"WebSite\",\"@id\":\"https:\\\/\\\/laventoleravejer.com\\\/en\\\/#website\",\"url\":\"https:\\\/\\\/laventoleravejer.com\\\/en\\\/\",\"name\":\"La Ventolera Centro Cultural Vejer\",\"description\":\"\",\"publisher\":{\"@id\":\"https:\\\/\\\/laventoleravejer.com\\\/en\\\/#organization\"},\"alternateName\":\"La Ventolera\",\"potentialAction\":[{\"@type\":\"SearchAction\",\"target\":{\"@type\":\"EntryPoint\",\"urlTemplate\":\"https:\\\/\\\/laventoleravejer.com\\\/en\\\/?s={search_term_string}\"},\"query-input\":{\"@type\":\"PropertyValueSpecification\",\"valueRequired\":true,\"valueName\":\"search_term_string\"}}],\"inLanguage\":\"en-US\"},{\"@type\":\"Organization\",\"@id\":\"https:\\\/\\\/laventoleravejer.com\\\/en\\\/#organization\",\"name\":\"La Ventolera Centro Cultural Vejer\",\"alternateName\":\"La Ventolera\",\"url\":\"https:\\\/\\\/laventoleravejer.com\\\/en\\\/\",\"logo\":{\"@type\":\"ImageObject\",\"inLanguage\":\"en-US\",\"@id\":\"https:\\\/\\\/laventoleravejer.com\\\/en\\\/#\\\/schema\\\/logo\\\/image\\\/\",\"url\":\"https:\\\/\\\/laventoleravejer.com\\\/wp-content\\\/uploads\\\/2024\\\/11\\\/ventolera-logo-tickets.png\",\"contentUrl\":\"https:\\\/\\\/laventoleravejer.com\\\/wp-content\\\/uploads\\\/2024\\\/11\\\/ventolera-logo-tickets.png\",\"width\":201,\"height\":111,\"caption\":\"La Ventolera Centro Cultural Vejer\"},\"image\":{\"@id\":\"https:\\\/\\\/laventoleravejer.com\\\/en\\\/#\\\/schema\\\/logo\\\/image\\\/\"},\"sameAs\":[\"https:\\\/\\\/www.facebook.com\\\/LaVentoleraVejer\",\"https:\\\/\\\/www.instagram.com\\\/laventoleravejer\\\/\"]}]}<\/script>\n<!-- \/ Yoast SEO plugin. -->","yoast_head_json":{"title":"Send us your proposal | La Ventolera Centro Cultural Vejer","description":"If you have an idea you'd like to bring to life at La Ventolera, we\u2019d love to hear from you!","robots":{"index":"index","follow":"follow","max-snippet":"max-snippet:-1","max-image-preview":"max-image-preview:large","max-video-preview":"max-video-preview:-1"},"canonical":"https:\/\/laventoleravejer.com\/en\/send-us-your-proposal\/","og_locale":"en_US","og_type":"article","og_title":"Send us your proposal | La Ventolera Centro Cultural Vejer","og_description":"If you have an idea you'd like to bring to life at La Ventolera, we\u2019d love to hear from you!","og_url":"https:\/\/laventoleravejer.com\/en\/send-us-your-proposal\/","og_site_name":"La Ventolera Centro Cultural Vejer","article_publisher":"https:\/\/www.facebook.com\/LaVentoleraVejer","article_modified_time":"2024-12-20T11:13:03+00:00","og_image":[{"width":2560,"height":1707,"url":"https:\/\/laventoleravejer.com\/wp-content\/uploads\/2024\/10\/la-veleta-vejer-3.jpg","type":"image\/jpeg"}],"twitter_card":"summary_large_image","twitter_misc":{"Est. reading time":"1 minute"},"schema":{"@context":"https:\/\/schema.org","@graph":[{"@type":"WebPage","@id":"https:\/\/laventoleravejer.com\/en\/send-us-your-proposal\/","url":"https:\/\/laventoleravejer.com\/en\/send-us-your-proposal\/","name":"Send us your proposal | La Ventolera Centro Cultural Vejer","isPartOf":{"@id":"https:\/\/laventoleravejer.com\/en\/#website"},"primaryImageOfPage":{"@id":"https:\/\/laventoleravejer.com\/en\/send-us-your-proposal\/#primaryimage"},"image":{"@id":"https:\/\/laventoleravejer.com\/en\/send-us-your-proposal\/#primaryimage"},"thumbnailUrl":"https:\/\/laventoleravejer.com\/wp-content\/uploads\/2024\/10\/la-veleta-vejer-3.jpg","datePublished":"2024-11-20T17:24:49+00:00","dateModified":"2024-12-20T11:13:03+00:00","description":"If you have an idea you'd like to bring to life at La Ventolera, we\u2019d love to hear from you!","breadcrumb":{"@id":"https:\/\/laventoleravejer.com\/en\/send-us-your-proposal\/#breadcrumb"},"inLanguage":"en-US","potentialAction":[{"@type":"ReadAction","target":["https:\/\/laventoleravejer.com\/en\/send-us-your-proposal\/"]}]},{"@type":"ImageObject","inLanguage":"en-US","@id":"https:\/\/laventoleravejer.com\/en\/send-us-your-proposal\/#primaryimage","url":"https:\/\/laventoleravejer.com\/wp-content\/uploads\/2024\/10\/la-veleta-vejer-3.jpg","contentUrl":"https:\/\/laventoleravejer.com\/wp-content\/uploads\/2024\/10\/la-veleta-vejer-3.jpg","width":2560,"height":1707},{"@type":"BreadcrumbList","@id":"https:\/\/laventoleravejer.com\/en\/send-us-your-proposal\/#breadcrumb","itemListElement":[{"@type":"ListItem","position":1,"name":"Portada","item":"https:\/\/laventoleravejer.com\/en\/"},{"@type":"ListItem","position":2,"name":"Send us your proposal"}]},{"@type":"WebSite","@id":"https:\/\/laventoleravejer.com\/en\/#website","url":"https:\/\/laventoleravejer.com\/en\/","name":"La Ventolera Centro Cultural Vejer","description":"","publisher":{"@id":"https:\/\/laventoleravejer.com\/en\/#organization"},"alternateName":"La Ventolera","potentialAction":[{"@type":"SearchAction","target":{"@type":"EntryPoint","urlTemplate":"https:\/\/laventoleravejer.com\/en\/?s={search_term_string}"},"query-input":{"@type":"PropertyValueSpecification","valueRequired":true,"valueName":"search_term_string"}}],"inLanguage":"en-US"},{"@type":"Organization","@id":"https:\/\/laventoleravejer.com\/en\/#organization","name":"La Ventolera Centro Cultural Vejer","alternateName":"La Ventolera","url":"https:\/\/laventoleravejer.com\/en\/","logo":{"@type":"ImageObject","inLanguage":"en-US","@id":"https:\/\/laventoleravejer.com\/en\/#\/schema\/logo\/image\/","url":"https:\/\/laventoleravejer.com\/wp-content\/uploads\/2024\/11\/ventolera-logo-tickets.png","contentUrl":"https:\/\/laventoleravejer.com\/wp-content\/uploads\/2024\/11\/ventolera-logo-tickets.png","width":201,"height":111,"caption":"La Ventolera Centro Cultural Vejer"},"image":{"@id":"https:\/\/laventoleravejer.com\/en\/#\/schema\/logo\/image\/"},"sameAs":["https:\/\/www.facebook.com\/LaVentoleraVejer","https:\/\/www.instagram.com\/laventoleravejer\/"]}]}},"_links":{"self":[{"href":"https:\/\/laventoleravejer.com\/en\/wp-json\/wp\/v2\/pages\/25366","targetHints":{"allow":["GET"]}}],"collection":[{"href":"https:\/\/laventoleravejer.com\/en\/wp-json\/wp\/v2\/pages"}],"about":[{"href":"https:\/\/laventoleravejer.com\/en\/wp-json\/wp\/v2\/types\/page"}],"author":[{"embeddable":true,"href":"https:\/\/laventoleravejer.com\/en\/wp-json\/wp\/v2\/users\/2"}],"replies":[{"embeddable":true,"href":"https:\/\/laventoleravejer.com\/en\/wp-json\/wp\/v2\/comments?post=25366"}],"version-history":[{"count":0,"href":"https:\/\/laventoleravejer.com\/en\/wp-json\/wp\/v2\/pages\/25366\/revisions"}],"wp:featuredmedia":[{"embeddable":true,"href":"https:\/\/laventoleravejer.com\/en\/wp-json\/wp\/v2\/media\/25010"}],"wp:attachment":[{"href":"https:\/\/laventoleravejer.com\/en\/wp-json\/wp\/v2\/media?parent=25366"}],"curies":[{"name":"wp","href":"https:\/\/api.w.org\/{rel}","templated":true}]}}